{"id":598,"date":"2023-12-03T19:12:20","date_gmt":"2023-12-03T18:12:20","guid":{"rendered":"https:\/\/gaz-gudensberg.de\/spenden\/?post_type=product&#038;p=598"},"modified":"2023-12-22T21:06:16","modified_gmt":"2023-12-22T20:06:16","slug":"satzsack-fuer-die-lernwelt","status":"publish","type":"product","link":"https:\/\/gaz-gudensberg.de\/spenden\/produkt\/satzsack-fuer-die-lernwelt\/","title":{"rendered":"Lernwelt: Sitzsack"},"content":{"rendered":"<p>Kinderleicht und schnell ist er von einem zum anderen Platz getragen. So gestalten sich die Lernenden ihre Lernumgebung selbst nach ihren Bed\u00fcrfnissen.<\/p>\n<p>Das M\u00f6belst\u00fcck f\u00fcr die Lernwelt &#8211; Gem\u00fctlich sitzen und arbeiten\/lernen.<\/p>\n<p>Der Sitzsack ist in verschiedenen Farben erh\u00e4ltlich. Die Sch\u00fclerInnen werden sich die Farben selbst ausw\u00e4hlen.<\/p>\n<p>&nbsp;<\/p>\n<p><strong>Hinweis:<\/strong> Sie erwerben nicht das Produkt selbst. Sie spenden f\u00fcr uns, damit die Schule das Produkt anschaffen kann! Das angeschaffte Produkt kann anders aussehen!<\/p>\n","protected":false},"excerpt":{"rendered":"<p><strong>Einzelspende<\/strong><\/p>\n","protected":false},"featured_media":683,"template":"","meta":[],"product_cat":[23,22],"product_tag":[],"_links":{"self":[{"href":"https:\/\/gaz-gudensberg.de\/spenden\/wp-json\/wp\/v2\/product\/598"}],"collection":[{"href":"https:\/\/gaz-gudensberg.de\/spenden\/wp-json\/wp\/v2\/product"}],"about":[{"href":"https:\/\/gaz-gudensberg.de\/spenden\/wp-json\/wp\/v2\/types\/product"}],"wp:featuredmedia":[{"embeddable":true,"href":"https:\/\/gaz-gudensberg.de\/spenden\/wp-json\/wp\/v2\/media\/683"}],"wp:attachment":[{"href":"https:\/\/gaz-gudensberg.de\/spenden\/wp-json\/wp\/v2\/media?parent=598"}],"wp:term":[{"taxonomy":"product_cat","embeddable":true,"href":"https:\/\/gaz-gudensberg.de\/spenden\/wp-json\/wp\/v2\/product_cat?post=598"},{"taxonomy":"product_tag","embeddable":true,"href":"https:\/\/gaz-gudensberg.de\/spenden\/wp-json\/wp\/v2\/product_tag?post=598"}],"curies":[{"name":"wp","href":"https:\/\/api.w.org\/{rel}","templated":true}]}}