{"id":600,"date":"2023-12-03T19:21:11","date_gmt":"2023-12-03T18:21:11","guid":{"rendered":"https:\/\/gaz-gudensberg.de\/spenden\/?post_type=product&#038;p=600"},"modified":"2025-12-20T00:07:56","modified_gmt":"2025-12-19T23:07:56","slug":"lernwaben","status":"publish","type":"product","link":"https:\/\/gaz-gudensberg.de\/spenden\/produkt\/lernwaben\/","title":{"rendered":"Lernwelt: Lernwaben"},"content":{"rendered":"<p>Wir tr\u00e4umen von einer Wand aus Lernwaben, damit die Sch\u00fclerInnen dort individuell und in Ruhe arbeiten k\u00f6nnen. Diese Wand ist sehr teuer und sammeln daf\u00fcr, dass sich unser Traum erf\u00fcllen kann.<\/p>\n<p>Der Preis liegt bei 16.000 \u20ac. Das k\u00f6nnenw ir nicht auf einmal stemmen. Darum sammeln wir viele kleine Spenden. Je niedriger die Lagerstandsmenge, desto n\u00e4her sind wir an unserem Ziel.<\/p>\n<p>Das Produktbild ist von: https:\/\/www.lernwabe.ch<\/p>\n<p><strong>Hinweis:<\/strong> Sie erwerben nicht das Produkt selbst. Sie spenden f\u00fcr uns, damit die Schule das Produkt anschaffen kann! Das angeschaffte Produkt kann anders aussehen!<\/p>\n","protected":false},"excerpt":{"rendered":"<p><strong>Gemeinsschaftsspende<\/strong><\/p>\n<p>Gemeinsam das Ziel erreichen:<\/p>\n<p><strong>Spendenziel: 16.000 \u20ac<\/strong><\/p>\n<p><strong>Bisher: 920 \u20ac<\/strong><\/p>\n","protected":false},"featured_media":738,"template":"","meta":[],"product_cat":[23],"product_tag":[],"_links":{"self":[{"href":"https:\/\/gaz-gudensberg.de\/spenden\/wp-json\/wp\/v2\/product\/600"}],"collection":[{"href":"https:\/\/gaz-gudensberg.de\/spenden\/wp-json\/wp\/v2\/product"}],"about":[{"href":"https:\/\/gaz-gudensberg.de\/spenden\/wp-json\/wp\/v2\/types\/product"}],"wp:featuredmedia":[{"embeddable":true,"href":"https:\/\/gaz-gudensberg.de\/spenden\/wp-json\/wp\/v2\/media\/738"}],"wp:attachment":[{"href":"https:\/\/gaz-gudensberg.de\/spenden\/wp-json\/wp\/v2\/media?parent=600"}],"wp:term":[{"taxonomy":"product_cat","embeddable":true,"href":"https:\/\/gaz-gudensberg.de\/spenden\/wp-json\/wp\/v2\/product_cat?post=600"},{"taxonomy":"product_tag","embeddable":true,"href":"https:\/\/gaz-gudensberg.de\/spenden\/wp-json\/wp\/v2\/product_tag?post=600"}],"curies":[{"name":"wp","href":"https:\/\/api.w.org\/{rel}","templated":true}]}}