{"id":641,"date":"2023-12-12T16:44:12","date_gmt":"2023-12-12T15:44:12","guid":{"rendered":"https:\/\/gaz-gudensberg.de\/spenden\/?post_type=product&#038;p=641"},"modified":"2023-12-22T21:12:23","modified_gmt":"2023-12-22T20:12:23","slug":"entgitterwerkzeug","status":"publish","type":"product","link":"https:\/\/gaz-gudensberg.de\/spenden\/produkt\/entgitterwerkzeug\/","title":{"rendered":"Sch\u00fclerfirma: Entgitterwerkzeug"},"content":{"rendered":"<p>Die Sch\u00fclerInnen der Firma werden mehr und alle wollen arbeiten (k\u00f6nnen)&#8230;<\/p>\n<p>&nbsp;<\/p>\n<p>Produkbild ist von https:\/\/cricut.com<\/p>\n<p><strong>Hinweis:<\/strong> Sie erwerben nicht das Produkt selbst. Sie spenden f\u00fcr uns, damit die Schule das Produkt anschaffen kann! Das angeschaffte Produkt kann anders aussehen!<\/p>\n","protected":false},"excerpt":{"rendered":"<p><strong>Einzelspende<\/strong><\/p>\n","protected":false},"featured_media":681,"template":"","meta":[],"product_cat":[26],"product_tag":[],"_links":{"self":[{"href":"https:\/\/gaz-gudensberg.de\/spenden\/wp-json\/wp\/v2\/product\/641"}],"collection":[{"href":"https:\/\/gaz-gudensberg.de\/spenden\/wp-json\/wp\/v2\/product"}],"about":[{"href":"https:\/\/gaz-gudensberg.de\/spenden\/wp-json\/wp\/v2\/types\/product"}],"wp:featuredmedia":[{"embeddable":true,"href":"https:\/\/gaz-gudensberg.de\/spenden\/wp-json\/wp\/v2\/media\/681"}],"wp:attachment":[{"href":"https:\/\/gaz-gudensberg.de\/spenden\/wp-json\/wp\/v2\/media?parent=641"}],"wp:term":[{"taxonomy":"product_cat","embeddable":true,"href":"https:\/\/gaz-gudensberg.de\/spenden\/wp-json\/wp\/v2\/product_cat?post=641"},{"taxonomy":"product_tag","embeddable":true,"href":"https:\/\/gaz-gudensberg.de\/spenden\/wp-json\/wp\/v2\/product_tag?post=641"}],"curies":[{"name":"wp","href":"https:\/\/api.w.org\/{rel}","templated":true}]}}