{"id":645,"date":"2023-12-12T16:50:56","date_gmt":"2023-12-12T15:50:56","guid":{"rendered":"https:\/\/gaz-gudensberg.de\/spenden\/?post_type=product&#038;p=645"},"modified":"2023-12-22T21:01:47","modified_gmt":"2023-12-22T20:01:47","slug":"schuelerfirma-plotter","status":"publish","type":"product","link":"https:\/\/gaz-gudensberg.de\/spenden\/produkt\/schuelerfirma-plotter\/","title":{"rendered":"Sch\u00fclerfirma: Plotter"},"content":{"rendered":"<p>Die Sch\u00fclerInnen der Firma werden mehr und alle wollen arbeiten (k\u00f6nnen)&#8230;<\/p>\n<p>Mit diesem Ger\u00e4t erstellen wir die Vorlagen, die dann auf Tshirts, Taschen etc. transferiert werden k\u00f6nnen.<\/p>\n<p>&nbsp;<\/p>\n<p>Produkbild ist von https:\/\/cricut.com<\/p>\n<p><strong>Hinweis:<\/strong> Sie erwerben nicht das Produkt selbst. Sie spenden f\u00fcr uns, damit die Schule das Produkt anschaffen kann! Das angeschaffte Produkt kann anders aussehen!<\/p>\n","protected":false},"excerpt":{"rendered":"<p><strong>Gemeinsschaftsspende<\/strong><\/p>\n<p>Gemeinsam das Ziel erreichen:<\/p>\n<p><strong>Spendenziel: 480 \u20ac<\/strong><\/p>\n","protected":false},"featured_media":678,"template":"","meta":[],"product_cat":[26],"product_tag":[],"_links":{"self":[{"href":"https:\/\/gaz-gudensberg.de\/spenden\/wp-json\/wp\/v2\/product\/645"}],"collection":[{"href":"https:\/\/gaz-gudensberg.de\/spenden\/wp-json\/wp\/v2\/product"}],"about":[{"href":"https:\/\/gaz-gudensberg.de\/spenden\/wp-json\/wp\/v2\/types\/product"}],"wp:featuredmedia":[{"embeddable":true,"href":"https:\/\/gaz-gudensberg.de\/spenden\/wp-json\/wp\/v2\/media\/678"}],"wp:attachment":[{"href":"https:\/\/gaz-gudensberg.de\/spenden\/wp-json\/wp\/v2\/media?parent=645"}],"wp:term":[{"taxonomy":"product_cat","embeddable":true,"href":"https:\/\/gaz-gudensberg.de\/spenden\/wp-json\/wp\/v2\/product_cat?post=645"},{"taxonomy":"product_tag","embeddable":true,"href":"https:\/\/gaz-gudensberg.de\/spenden\/wp-json\/wp\/v2\/product_tag?post=645"}],"curies":[{"name":"wp","href":"https:\/\/api.w.org\/{rel}","templated":true}]}}