{"id":653,"date":"2023-12-12T17:22:26","date_gmt":"2023-12-12T16:22:26","guid":{"rendered":"https:\/\/gaz-gudensberg.de\/spenden\/?post_type=product&#038;p=653"},"modified":"2025-12-16T18:40:23","modified_gmt":"2025-12-16T17:40:23","slug":"sockenpause-schaumstoffball","status":"publish","type":"product","link":"https:\/\/gaz-gudensberg.de\/spenden\/produkt\/sockenpause-schaumstoffball\/","title":{"rendered":"Sockenpause: Schaumstoffball"},"content":{"rendered":"<p>Neue BH\u00e4lle f\u00fcr die Sockenpause. Wer hat die Abtreffballspiele nicht geliebt?!<\/p>\n<p>Momentan besuchen bis zu 75 Sch\u00fclerInnen in den gro\u00dfen Pausen die Sockenpause. Um das Angebot auszubauen, brauchen wir u. a. neue B\u00e4lle&#8230;<\/p>\n<p>&nbsp;<\/p>\n<p><strong>Hinweis:<\/strong> Sie erwerben nicht das Produkt selbst. Sie spenden f\u00fcr uns, damit die Schule das Produkt anschaffen kann! Das angeschaffte Produkt kann anders aussehen!<\/p>\n","protected":false},"excerpt":{"rendered":"<p><strong>Einzelspende<\/strong><\/p>\n","protected":false},"featured_media":654,"template":"","meta":[],"product_cat":[25],"product_tag":[],"_links":{"self":[{"href":"https:\/\/gaz-gudensberg.de\/spenden\/wp-json\/wp\/v2\/product\/653"}],"collection":[{"href":"https:\/\/gaz-gudensberg.de\/spenden\/wp-json\/wp\/v2\/product"}],"about":[{"href":"https:\/\/gaz-gudensberg.de\/spenden\/wp-json\/wp\/v2\/types\/product"}],"wp:featuredmedia":[{"embeddable":true,"href":"https:\/\/gaz-gudensberg.de\/spenden\/wp-json\/wp\/v2\/media\/654"}],"wp:attachment":[{"href":"https:\/\/gaz-gudensberg.de\/spenden\/wp-json\/wp\/v2\/media?parent=653"}],"wp:term":[{"taxonomy":"product_cat","embeddable":true,"href":"https:\/\/gaz-gudensberg.de\/spenden\/wp-json\/wp\/v2\/product_cat?post=653"},{"taxonomy":"product_tag","embeddable":true,"href":"https:\/\/gaz-gudensberg.de\/spenden\/wp-json\/wp\/v2\/product_tag?post=653"}],"curies":[{"name":"wp","href":"https:\/\/api.w.org\/{rel}","templated":true}]}}