{"id":716,"date":"2024-06-26T17:12:05","date_gmt":"2024-06-26T15:12:05","guid":{"rendered":"https:\/\/gaz-gudensberg.de\/spenden\/?post_type=product&#038;p=716"},"modified":"2024-11-28T07:34:43","modified_gmt":"2024-11-28T06:34:43","slug":"zag-drivein-beach-volleyball","status":"publish","type":"product","link":"https:\/\/gaz-gudensberg.de\/spenden\/produkt\/zag-drivein-beach-volleyball\/","title":{"rendered":"ZAG DriveIn: Beach-Volleyball"},"content":{"rendered":"<p>Neue B\u00e4lle f\u00fcr die bewegte Pause auf dem Schulhof: ZAG Drive IN.<\/p>\n<p>Gerade vor einigen Wochen neu er\u00f6ffnet, bietet die Ausleihe auf dem Schulhof neue M\u00f6glichkeiten der Bewegung. Daf\u00fcr ben\u00f6tigen wir neue B\u00e4lle&#8230;<\/p>\n<p>&nbsp;<\/p>\n<p><strong>Hinweis:<\/strong> Sie erwerben nicht das Produkt selbst. Sie spenden f\u00fcr uns, damit die Schule das Produkt anschaffen kann! Das angeschaffte Produkt kann anders aussehen!<\/p>\n","protected":false},"excerpt":{"rendered":"<p><strong>Einzelspende<\/strong><\/p>\n","protected":false},"featured_media":717,"template":"","meta":[],"product_cat":[25],"product_tag":[],"_links":{"self":[{"href":"https:\/\/gaz-gudensberg.de\/spenden\/wp-json\/wp\/v2\/product\/716"}],"collection":[{"href":"https:\/\/gaz-gudensberg.de\/spenden\/wp-json\/wp\/v2\/product"}],"about":[{"href":"https:\/\/gaz-gudensberg.de\/spenden\/wp-json\/wp\/v2\/types\/product"}],"wp:featuredmedia":[{"embeddable":true,"href":"https:\/\/gaz-gudensberg.de\/spenden\/wp-json\/wp\/v2\/media\/717"}],"wp:attachment":[{"href":"https:\/\/gaz-gudensberg.de\/spenden\/wp-json\/wp\/v2\/media?parent=716"}],"wp:term":[{"taxonomy":"product_cat","embeddable":true,"href":"https:\/\/gaz-gudensberg.de\/spenden\/wp-json\/wp\/v2\/product_cat?post=716"},{"taxonomy":"product_tag","embeddable":true,"href":"https:\/\/gaz-gudensberg.de\/spenden\/wp-json\/wp\/v2\/product_tag?post=716"}],"curies":[{"name":"wp","href":"https:\/\/api.w.org\/{rel}","templated":true}]}}