{"id":718,"date":"2024-06-26T17:14:44","date_gmt":"2024-06-26T15:14:44","guid":{"rendered":"https:\/\/gaz-gudensberg.de\/spenden\/?post_type=product&#038;p=718"},"modified":"2024-11-27T17:28:42","modified_gmt":"2024-11-27T16:28:42","slug":"zag-drive-in-fussball","status":"publish","type":"product","link":"https:\/\/gaz-gudensberg.de\/spenden\/produkt\/zag-drive-in-fussball\/","title":{"rendered":"ZAG DriveIn: Fu\u00dfball"},"content":{"rendered":"<p>Neue B\u00e4lle f\u00fcr die Pause auf dem Schulhof.<\/p>\n<p>Vor einigen Wochen hat die Ausleihe von Spielger\u00e4ten auf dem Schulhof in den Pausen wieder ge\u00f6ffnet. Daf\u00fcr ben\u00f6tigen wir neue B\u00e4lle&#8230;<\/p>\n<p>&nbsp;<\/p>\n<p>Produkbild ist von www.decathlon.de<\/p>\n<p><strong>Hinweis:<\/strong> Sie erwerben nicht das Produkt selbst. Sie spenden f\u00fcr uns, damit die Schule das Produkt anschaffen kann! Das angeschaffte Produkt kann anders aussehen!<\/p>\n","protected":false},"excerpt":{"rendered":"<p><strong>Einzelspende<\/strong><\/p>\n","protected":false},"featured_media":719,"template":"","meta":[],"product_cat":[25],"product_tag":[],"_links":{"self":[{"href":"https:\/\/gaz-gudensberg.de\/spenden\/wp-json\/wp\/v2\/product\/718"}],"collection":[{"href":"https:\/\/gaz-gudensberg.de\/spenden\/wp-json\/wp\/v2\/product"}],"about":[{"href":"https:\/\/gaz-gudensberg.de\/spenden\/wp-json\/wp\/v2\/types\/product"}],"wp:featuredmedia":[{"embeddable":true,"href":"https:\/\/gaz-gudensberg.de\/spenden\/wp-json\/wp\/v2\/media\/719"}],"wp:attachment":[{"href":"https:\/\/gaz-gudensberg.de\/spenden\/wp-json\/wp\/v2\/media?parent=718"}],"wp:term":[{"taxonomy":"product_cat","embeddable":true,"href":"https:\/\/gaz-gudensberg.de\/spenden\/wp-json\/wp\/v2\/product_cat?post=718"},{"taxonomy":"product_tag","embeddable":true,"href":"https:\/\/gaz-gudensberg.de\/spenden\/wp-json\/wp\/v2\/product_tag?post=718"}],"curies":[{"name":"wp","href":"https:\/\/api.w.org\/{rel}","templated":true}]}}