{"id":720,"date":"2024-06-26T17:17:32","date_gmt":"2024-06-26T15:17:32","guid":{"rendered":"https:\/\/gaz-gudensberg.de\/spenden\/?post_type=product&#038;p=720"},"modified":"2024-11-25T16:48:17","modified_gmt":"2024-11-25T15:48:17","slug":"fuer-alle-neue-musikanlage","status":"publish","type":"product","link":"https:\/\/gaz-gudensberg.de\/spenden\/produkt\/fuer-alle-neue-musikanlage\/","title":{"rendered":"F\u00fcr ALLE: Neue Musikanlage"},"content":{"rendered":"<p>Eine neue Musikanlage zur Erg\u00e4nzung der bereits vorhandenen Boxen.<\/p>\n<p>Diese Box wird in der Halle, aber auch im Geb\u00e4ude (z. B. Darstellendes Spiel, Veranstaltungen etc.) genutzt. Au\u00dferdem l\u00e4sst sie sich mit den anderen Boxen zu einem System koppeln.<\/p>\n<p>Produkbild ist von www.amazon.de<\/p>\n<p><strong>Hinweis:<\/strong> Sie erwerben nicht das Produkt selbst. Sie spenden f\u00fcr uns, damit die Schule das Produkt anschaffen kann! Das angeschaffte Produkt kann anders aussehen!<\/p>\n","protected":false},"excerpt":{"rendered":"<p><strong>Einzelspende<\/strong><\/p>\n","protected":false},"featured_media":736,"template":"","meta":[],"product_cat":[25],"product_tag":[],"_links":{"self":[{"href":"https:\/\/gaz-gudensberg.de\/spenden\/wp-json\/wp\/v2\/product\/720"}],"collection":[{"href":"https:\/\/gaz-gudensberg.de\/spenden\/wp-json\/wp\/v2\/product"}],"about":[{"href":"https:\/\/gaz-gudensberg.de\/spenden\/wp-json\/wp\/v2\/types\/product"}],"wp:featuredmedia":[{"embeddable":true,"href":"https:\/\/gaz-gudensberg.de\/spenden\/wp-json\/wp\/v2\/media\/736"}],"wp:attachment":[{"href":"https:\/\/gaz-gudensberg.de\/spenden\/wp-json\/wp\/v2\/media?parent=720"}],"wp:term":[{"taxonomy":"product_cat","embeddable":true,"href":"https:\/\/gaz-gudensberg.de\/spenden\/wp-json\/wp\/v2\/product_cat?post=720"},{"taxonomy":"product_tag","embeddable":true,"href":"https:\/\/gaz-gudensberg.de\/spenden\/wp-json\/wp\/v2\/product_tag?post=720"}],"curies":[{"name":"wp","href":"https:\/\/api.w.org\/{rel}","templated":true}]}}