{"id":781,"date":"2025-11-10T19:24:44","date_gmt":"2025-11-10T18:24:44","guid":{"rendered":"https:\/\/gaz-gudensberg.de\/spenden\/?post_type=product&#038;p=781"},"modified":"2025-12-18T22:58:23","modified_gmt":"2025-12-18T21:58:23","slug":"lernwelt-bank","status":"publish","type":"product","link":"https:\/\/gaz-gudensberg.de\/spenden\/produkt\/lernwelt-bank\/","title":{"rendered":"Lernwelt: Bank"},"content":{"rendered":"<p>Eine Arbeitsgruppe von Sch\u00fclern hat sich im Projektlernen mit der Weiter- und Mitgestaltung der schulischen Lernbereiche auseinandergesetzt und m\u00f6chte nach einer Abfrage in der Sch\u00fclerInnenschaft jetzt M\u00f6bel anschaffen.<\/p>\n<p>Helfen Sie uns, die W\u00fcnsche der Sch\u00fclerinnen und Sch\u00fcler zu realisieren.<\/p>\n<p>&nbsp;<\/p>\n<p>Gemeinsam zum Ziel!<\/p>\n<p>&nbsp;<\/p>\n<p><strong>Hinweis:<\/strong> Sie erwerben nicht das Produkt selbst. Sie spenden f\u00fcr uns, damit die Schule das Produkt anschaffen kann! Das angeschaffte Produkt kann anders aussehen!<\/p>\n","protected":false},"excerpt":{"rendered":"<p><strong>Gemeinsschaftsspende<\/strong><\/p>\n<p>Gemeinsam das Ziel erreichen:<\/p>\n<p><strong>Spendenziel: 1900 \u20ac<\/strong><\/p>\n<p><strong>Bisher: 0 \u20ac<\/strong><\/p>\n","protected":false},"featured_media":785,"template":"","meta":[],"product_cat":[23],"product_tag":[],"_links":{"self":[{"href":"https:\/\/gaz-gudensberg.de\/spenden\/wp-json\/wp\/v2\/product\/781"}],"collection":[{"href":"https:\/\/gaz-gudensberg.de\/spenden\/wp-json\/wp\/v2\/product"}],"about":[{"href":"https:\/\/gaz-gudensberg.de\/spenden\/wp-json\/wp\/v2\/types\/product"}],"wp:featuredmedia":[{"embeddable":true,"href":"https:\/\/gaz-gudensberg.de\/spenden\/wp-json\/wp\/v2\/media\/785"}],"wp:attachment":[{"href":"https:\/\/gaz-gudensberg.de\/spenden\/wp-json\/wp\/v2\/media?parent=781"}],"wp:term":[{"taxonomy":"product_cat","embeddable":true,"href":"https:\/\/gaz-gudensberg.de\/spenden\/wp-json\/wp\/v2\/product_cat?post=781"},{"taxonomy":"product_tag","embeddable":true,"href":"https:\/\/gaz-gudensberg.de\/spenden\/wp-json\/wp\/v2\/product_tag?post=781"}],"curies":[{"name":"wp","href":"https:\/\/api.w.org\/{rel}","templated":true}]}}